{"id":301,"date":"2016-02-21T22:17:41","date_gmt":"2016-02-21T22:17:41","guid":{"rendered":"http:\/\/demo.vegatheme.com\/gocargo\/?page_id=301"},"modified":"2023-08-30T18:44:57","modified_gmt":"2023-08-30T16:44:57","slug":"home-3-2","status":"publish","type":"page","link":"https:\/\/mabucoo.com\/index.php\/home-3-2\/","title":{"rendered":"ACCEUIL"},"content":{"rendered":"<section class=\"wpb-content-wrapper\"><p>[vc_row fullwidth=&#8221;yes&#8221; css=&#8221;.vc_custom_1693314015292{padding-top: 0px !important;padding-bottom: 0px !important;background: #ededed url(http:\/\/mabucoo.com\/wp-content\/uploads\/2023\/08\/background-image-1_1-1.png?id=1094) !important;}&#8221;][vc_column]\t\n\n\t<article id=\"section-intro\" class=\"no-padding autoheight light-text White-Color\"  style=\"background-image:url('https:\/\/mabucoo.com\/wp-content\/uploads\/2023\/08\/background-image-2_2.png');\"  data-stellar-background-ratio=\"0.5\">\n        <div class=\"center-y\">\n            <div class=\"inner text-center\">\n            \t                \t<div class=\"sub-intro-text\"><span>Nous existons pour vous satisfaire !!!<\/span><\/div>\n                \t\n                \n                <div class=\"divider-double\"><\/div>\n                <div class=\"type-wrap title big\">\n                    <div class=\"typed-strings\">\n\t\t\t\t\t\t\t\t\t\t\t\t\t<p>MABUCO<\/p>     \n\t\t\t\t\t\t\t\t\t\t\t\t\t<p>EXPRESS<\/p>     \n\t\t\t\t\t\t\t\t\t\t\t\t\t<p>MERCI<\/p>     \n\t\t\t\t\t\t                    <\/div>\n                    <span class=\"typed\"><\/span>\n                <\/div>\n\n                <div class=\"divider-single\"><\/div><a href=\"#\" class=\"btn-custom\" title=\"\" target=\"_self\"><\/a> \n\n                <div class=\"divider-double\"><\/div>\n            <\/div>\n        <\/div>\n    <\/article>\n    \n[\/vc_column][\/vc_row][vc_row fullwidth=&#8221;yes&#8221; css=&#8221;.vc_custom_1693237227820{padding-top: 60px !important;padding-bottom: 60px !important;background-color: #f00d0d !important;}&#8221;][vc_column][vc_single_image image=&#8221;1127&#8243; img_size=&#8221;1900&#215;400&#8243;][\/vc_column][\/vc_row][vc_row][vc_column width=&#8221;1\/2&#8243;]\t\t\t\n\t\n\t<div class=\"about-box2 \">\n\t\t<img src=\"https:\/\/mabucoo.com\/wp-content\/uploads\/2023\/08\/MABUCO-EXPRESS__1.png\" class=\"img-responsive\" alt=\"\">\n        <div class=\"divider-single\"><\/div>\n        <h2>Who We Are<\/h2>\n        <div class=\"tiny-border\"><\/div>\n<p style=\"text-align: justify;\">QUI SOMMES NOUS.<\/p>\n<p style=\"text-align: justify;\">MABUCO EXPRESS est un groupeur qui agit comme un commissaire de transport , en groupant dans des conteneurs et en acheminant par fret cargo depuis la Chine , les USA et l&#8217;Angleterre , les colis destin\u00e9s au S\u00e9n\u00e9gal.<\/p>\n<p style=\"text-align: justify;\">MABUCO EXPRESS propose \u00e0 ses clients le transport maritime et le transport a\u00e9rien.<\/p>\n<p style=\"text-align: justify;\">Choisir entre le transport maritime ou le transport a\u00e9rien pour ses bagages?<\/p>\n<p style=\"text-align: justify;\">Les diff\u00e9rences principales entre le transport maritime et le transport a\u00e9rien de marchandise sont principalement la dur\u00e9e de transport et les co\u00fbts .<\/p>\n<p style=\"text-align: justify;\">Pour le transport de produits achet\u00e9s en Chine par exemple, il est essentiel de pr\u00e9voir 35 \u00e0 40 jours de trajet par voie maritime contre 10 jours si le transport se fait par voie a\u00e9rienne.<\/p>\n<p style=\"text-align: justify;\">Si vous optez pour le transport a\u00e9rien, le prix sera calcul\u00e9 en fonction du poids de votre marchandise.<br \/>\nEn revanche, si vous optez pour la voie maritime, le prix sera calcul\u00e9 en fonction du volume en m3 de votre marchandise.<\/p>\n<div class=\"button_box\">\n\t        \t\t<\/div>\n    <\/div>\n    \n[\/vc_column][vc_column width=&#8221;1\/2&#8243;]\t\t\t\n\t\n\t<div class=\"feature-box \">\n        <i class=\"icon- wow zoomIn\" data-wow-delay=\"0s\"><\/i>\n        <div class=\"text wow fadeIn\" data-wow-delay=\".2s\">\n            <h3>\n\t              \n\t\t\t\t\tQUI SOMMES NOUS ?\t\t\t\t \n\t\t\t<\/h3>\n            <\/p>\n<p style=\"text-align: justify;\">Le transport depuis la Chine avec MABUCO EXPRESS.<\/p>\n<p style=\"text-align: justify;\">Sur le portail de MABUCO EXPRESS, vous avez la possibilit\u00e9 de comparer les prix et de r\u00e9server votre transport depuis la Chine. Nous offrons uniquement des prix forfaitaires. C\u2019est pour cette raison que nous pouvons vous proposer une garantie prix qui vous permet d\u2019\u00e9viter les frais impr\u00e9vus.<br \/>\nLes prix propos\u00e9s inclus les co\u00fbts de d\u00e9douanement. Vous pouvez donc planifier votre budget et votre livraison efficacement.<\/p>\n<p style=\"text-align: left;\">MABUCO EXPRESS vous offre \u00e9galement le service porte \u00e0 porte moyennant un co\u00fbt.<br \/>\nCette prestation vous assure la prise en charge compl\u00e8te du transport, de l\u2019enl\u00e8vement des marchandises jusqu\u2019\u00e0 la livraison finale \u00e0 l&#8217;adresse de votre choix.<br \/>\nLe bureau de MABUCO EXPRESS est situ\u00e9 au 41 Merloz Pyrotechnique Dakar<br \/>\nMABUCO EXPRESS poss\u00e8de une agence en Chine.<br \/>\nSon d\u00e9p\u00f4t est bas\u00e9 \u00e0 Foshan City, dans la province de GuangDong.<\/p>\n<p style=\"text-align: left;\">Pour acheminer vos marchandises vers notre d\u00e9p\u00f4t, MABUCO EXPRESS aura besoin de connaitre la nature de votre marchandise ainsi que les coordonn\u00e9es de votre fournisseur, \u00e0 qui nous transmettrons l&#8217;adresse de notre d\u00e9p\u00f4t.<\/p>\n<p style=\"text-align: justify;\">R\u00e9ception et Entreposage.<\/p>\n<p style=\"text-align: justify;\">Nous assurons la r\u00e9ception de vos colis dans notre entrep\u00f4t et vous \u00eates inform\u00e9 par appel ou par message WhatsApp d\u00e8s qu\u2019un colis nous parvient .<\/p>\n<p>        <\/div>\n    <\/div>\n    \n[\/vc_column][\/vc_row][vc_row][vc_column width=&#8221;1\/2&#8243;]\t\t\t\n\t\n\t<div class=\"about-box2 \">\n\t\t<img src=\"https:\/\/mabucoo.com\/wp-content\/uploads\/2016\/06\/news_8-1-removebg-preview.png\" class=\"img-responsive\" alt=\"\">\n        <div class=\"divider-single\"><\/div>\n        <h2>TRANSPORT AERIEN<\/h2>\n        <div class=\"tiny-border\"><\/div>\n        le prix sera calcul\u00e9 en fonction du poids de votre marchandise.<\/p>\n<p>Le transport dure 10 jours \u00e0 compter le jour du depot        <div class=\"button_box\">\n\t        \t\t<\/div>\n    <\/div>\n    \n[\/vc_column][vc_column width=&#8221;1\/2&#8243;]\t\t\t\n\t\n\t<div class=\"about-box2 \">\n\t\t<img src=\"https:\/\/mabucoo.com\/wp-content\/uploads\/2023\/08\/marco-polo-le-plus-grand-porte-conteneurs-du-monde-removebg-preview.png\" class=\"img-responsive\" alt=\"\">\n        <div class=\"divider-single\"><\/div>\n        <h2>TRANSPORT MARITIME<\/h2>\n        <div class=\"tiny-border\"><\/div>\n        le prix sera calcul\u00e9 en fonction du volume en m3 de votre marchandise.<\/p>\n<p>produits achet\u00e9s en Chine par exemple, il est essentiel de pr\u00e9voir 35 \u00e0 40 jours de trajet par voie maritime contre 10 jours si le transport se fait par voie a\u00e9rienne.        <div class=\"button_box\">\n\t        \t\t<\/div>\n    <\/div>\n    \n[\/vc_column][\/vc_row][vc_row img_halfrow=&#8221;yes&#8221; halfrow_image=&#8221;657&#8243; img_columns=&#8221;6columns&#8221; img_position=&#8221;imgright&#8221; css=&#8221;.vc_custom_1693240030170{background-color: #d03232 !important;}&#8221;][vc_column offset=&#8221;vc_col-md-5&#8243;]\t\n    <div id=\"testi-carousel-69e266d604ba0\" class=\"testi-slider testi-carousel wow fadeIn\" data-wow-delay=\"0s\" data-wow-duration=\"1s\">\n                    <div class=\"item\">\n                <blockquote>\n                    <p>I&#8217;m really impressed by the professionalism that the Gocargo relocation. Now we stay with our new studio at Metro city thanks Gocargo.<\/p>\n                <\/blockquote>\n                <span class=\"testi-by\">\n\t\t\t\t\t<strong>Mike Martien<\/strong> , Web Designer<br>                     Bamskies Studio\t\t\t\t<\/span>\n            <\/div>\n                    <div class=\"item\">\n                <blockquote>\n                    <p>Your representatives have very helpful attitude and their attention to detail help us to move our work smoothly without any delay&#8230;good job guys.<\/p>\n                <\/blockquote>\n                <span class=\"testi-by\">\n\t\t\t\t\t<strong>Dave Smith<\/strong> , Sales Manager<br>                     Jepara Furniture\t\t\t\t<\/span>\n            <\/div>\n                    <div class=\"item\">\n                <blockquote>\n                    <p>Thanks you so much am all smiles right now they really did deliver the stuff. I will have no problems recommending you to any friends.<\/p>\n                <\/blockquote>\n                <span class=\"testi-by\">\n\t\t\t\t\t<strong>Erin Chang<\/strong> , Curator<br>                     Trinil Museum\t\t\t\t<\/span>\n            <\/div>\n                    <div class=\"item\">\n                <blockquote>\n                    <p>Your staff is very, very friendly and helpful. I will recommend your service to all my friends back in the Greenland. Keep up the good work.<\/p>\n                <\/blockquote>\n                <span class=\"testi-by\">\n\t\t\t\t\t<strong>Natalia Romanaf<\/strong> , Wedding Planner<br>                     R &amp; R\t\t\t\t<\/span>\n            <\/div>\n                    <div class=\"item\">\n                <blockquote>\n                    <p>Thank you very much awesome jobs, I will recommend everybody to use your company because you know excellent your job and you are professionals.<\/p>\n                <\/blockquote>\n                <span class=\"testi-by\">\n\t\t\t\t\t<strong>Steve Powers<\/strong> , Producer<br>                     Alisa Entertainment\t\t\t\t<\/span>\n            <\/div>\n                    <div class=\"item\">\n                <blockquote>\n                    <p>I&#8217;m really impressed by the professionalism that the Gocargo relocation. Now we stay with our new studio at Metro city thanks Gocargo<\/p>\n                <\/blockquote>\n                <span class=\"testi-by\">\n\t\t\t\t\t<strong>Mike Martien<\/strong> , Web Designer<br>                     Bamskies Studio\t\t\t\t<\/span>\n            <\/div>\n                    <div class=\"item\">\n                <blockquote>\n                    <p>Multi-modal container units, designed as reusable carriers to facilitate unit load handling of the goods contained, are also referred to as cargo, specially by shipping lines and logistics operators.<\/p>\n                <\/blockquote>\n                <span class=\"testi-by\">\n\t\t\t\t\t<strong>Marina Leopold<\/strong>                     \t\t\t\t<\/span>\n            <\/div>\n                    <div class=\"item\">\n                <blockquote>\n                    <p>Your representatives have very helpful attitude and their attention to detail help us to move our work smoothly without any delay&#8230;good job guys<\/p>\n                <\/blockquote>\n                <span class=\"testi-by\">\n\t\t\t\t\t<strong>Dave Smith<\/strong> , Sales Manager<br>                     Jepara Furniture\t\t\t\t<\/span>\n            <\/div>\n                    <div class=\"item\">\n                <blockquote>\n                    <p>Multi-modal container units, designed as reusable carriers to facilitate unit load handling of the goods contained, are also referred to as cargo, specially by shipping lines and logistics operators.<\/p>\n                <\/blockquote>\n                <span class=\"testi-by\">\n\t\t\t\t\t<strong>Mortimer Elmo<\/strong>                     \t\t\t\t<\/span>\n            <\/div>\n                    <div class=\"item\">\n                <blockquote>\n                    <p>Gocargo people professional and courteous attitude, expert knowledge and patience handling our specific issues are very important to our customer<\/p>\n                <\/blockquote>\n                <span class=\"testi-by\">\n\t\t\t\t\t<strong>Jane Salima<\/strong> , General Manager<br>                     Nexus Motors\t\t\t\t<\/span>\n            <\/div>\n                    <div class=\"item\">\n                <blockquote>\n                    <p>Multi-modal container units, designed as reusable carriers to facilitate unit load handling of the goods contained, are also referred to as cargo, specially by shipping lines and logistics operators.<\/p>\n                <\/blockquote>\n                <span class=\"testi-by\">\n\t\t\t\t\t<strong>Aline Drummond<\/strong>                     \t\t\t\t<\/span>\n            <\/div>\n            <\/div>\n    <script type=\"text\/javascript\">\n    \tjQuery(document).ready(function() {\t\t\n\t\t\t'use strict';\n\t\t\tjQuery(\"#testi-carousel-69e266d604ba0\").owlCarousel({\n\t\t\t    items : 1,\n\t\t\t\titemsDesktop : [1199,1],\n\t\t\t\titemsDesktopSmall : [980,1],\n\t\t\t    itemsTablet: [768,1],\n\t\t\t    itemsTabletSmall: false,\n\t\t\t    itemsMobile : [479,1],\n\t\t\t    navigation : false,\n\t\t\t\tautoHeight : true,\n\t\t    });\n\t\t});\n    <\/script>\n\t                \n[\/vc_column][\/vc_row][vc_row][vc_column width=&#8221;1\/3&#8243; animate=&#8221;fadinright&#8221; delay=&#8221;.2&#8243; duration=&#8221;.5&#8243; offset=&#8221;vc_col-md-2 vc_col-xs-4&#8243;][vc_single_image image=&#8221;121&#8243; img_size=&#8221;full&#8221; css=&#8221;.vc_custom_1452681397260{margin-bottom: 0px !important;}&#8221;][\/vc_column][vc_column width=&#8221;1\/3&#8243; animate=&#8221;fadinright&#8221; delay=&#8221;.5&#8243; duration=&#8221;.5&#8243; offset=&#8221;vc_col-md-2 vc_col-xs-4&#8243;][vc_single_image image=&#8221;122&#8243; img_size=&#8221;full&#8221; css=&#8221;.vc_custom_1452681402353{margin-bottom: 0px !important;}&#8221;][\/vc_column][vc_column width=&#8221;1\/3&#8243; animate=&#8221;fadinright&#8221; delay=&#8221;.8&#8243; duration=&#8221;.5&#8243; offset=&#8221;vc_col-md-2 vc_col-xs-4&#8243;][vc_single_image image=&#8221;123&#8243; img_size=&#8221;full&#8221; css=&#8221;.vc_custom_1452681406560{margin-bottom: 0px !important;}&#8221;][\/vc_column][vc_column width=&#8221;1\/3&#8243; animate=&#8221;fadinright&#8221; delay=&#8221;1.1&#8243; duration=&#8221;.5&#8243; offset=&#8221;vc_col-md-2 vc_col-xs-4&#8243;][vc_single_image image=&#8221;124&#8243; img_size=&#8221;full&#8221; css=&#8221;.vc_custom_1452681410483{margin-bottom: 0px !important;}&#8221;][\/vc_column][vc_column width=&#8221;1\/3&#8243; animate=&#8221;fadinright&#8221; delay=&#8221;1.4&#8243; duration=&#8221;.5&#8243; offset=&#8221;vc_col-md-2 vc_col-xs-4&#8243;][vc_single_image image=&#8221;125&#8243; img_size=&#8221;full&#8221; css=&#8221;.vc_custom_1453451556220{margin-bottom: 0px !important;}&#8221;][\/vc_column][vc_column width=&#8221;1\/3&#8243; animate=&#8221;fadinright&#8221; delay=&#8221;1.7&#8243; duration=&#8221;.5&#8243; offset=&#8221;vc_col-md-2 vc_col-xs-4&#8243;][vc_single_image image=&#8221;126&#8243; img_size=&#8221;full&#8221; css=&#8221;.vc_custom_1452681414753{margin-bottom: 0px !important;}&#8221;][\/vc_column][\/vc_row][vc_row css=&#8221;.vc_custom_1456092002374{padding-bottom: 0px !important;background-color: #eeeeee !important;}&#8221;][vc_column css=&#8221;.vc_custom_1456092140749{margin-bottom: 30px !important;}&#8221;]\n\t<div class=\"text-center\">\n        <h2 class=\"heading wow fadeInUp\" data-wow-delay=\"0\">Our Services <strong>We Serve All Industry<\/strong><\/h2>\n        <div class=\"small-border wow flipInY\" data-wow-delay=\".2s\" data-wow-duration=\".8s\"><\/div>\n    <\/div>\t\n\t\n[\/vc_column][vc_column]\t<div class=\"row service-grid\">\n\t\t\t\t\n\t\t\t<div class=\"item margin-bot-60 col-md-4\">\n\t\t        <div class=\"box-with-icon-left\">\n\t\t            <i class=\"fa fa- icon-big\"><\/i>\n\t\t            <div class=\"text\">\n\t\t                <h2>Voix Aerienne<\/h2>\n\t\t                <p>[vc_row css=&#8221;.vc_custom_1465206738673{padding-bottom: 0px !important;}&#8221;][vc_column width=&#8221;1\/2&#8243;][vc_column_text css=&#8221;.vc_custom_1465206491621{margin-bottom: 0px !important;}&#8221;]Aenean sollicitudin, lorem quis bibendum auctor, nisi elit consequat ipsum, nec sagittis sem nibh id elit. Duis sed odio sit amet nibh vulputate cursus a sit amet mauris. Morbi accumsan ipsum velit. Nam nec tellus a odio tincidunt auctor a ornare odio. Sed non mauris vitae erat consequat [&hellip;]<\/p>\n\t\t                \t\t\t                <div class=\"divider-single\"><\/div>\n\t\t\t                <a href=\"https:\/\/mabucoo.com\/index.php\/services\/services-details-4\/\" class=\"btn-text\">View Details<\/a>\n\t\t            \t\t\t            <\/div>\n\t\t        <\/div>\n\t\t    <\/div>\t\t\n\t\t\t\t\n\t\t\t<div class=\"item margin-bot-60 col-md-4\">\n\t\t        <div class=\"box-with-icon-left\">\n\t\t            <i class=\"fa fa- icon-big\"><\/i>\n\t\t            <div class=\"text\">\n\t\t                <h2>Voix Terrestre<\/h2>\n\t\t                <p>[vc_row css=&#8221;.vc_custom_1465206738673{padding-bottom: 0px !important;}&#8221;][vc_column width=&#8221;1\/2&#8243;][vc_column_text css=&#8221;.vc_custom_1465206491621{margin-bottom: 0px !important;}&#8221;]Aenean sollicitudin, lorem quis bibendum auctor, nisi elit consequat ipsum, nec sagittis sem nibh id elit. Duis sed odio sit amet nibh vulputate cursus a sit amet mauris. Morbi accumsan ipsum velit. Nam nec tellus a odio tincidunt auctor a ornare odio. Sed non mauris vitae erat consequat [&hellip;]<\/p>\n\t\t                \t\t\t                <div class=\"divider-single\"><\/div>\n\t\t\t                <a href=\"https:\/\/mabucoo.com\/index.php\/services\/services-details-3\/\" class=\"btn-text\">View Details<\/a>\n\t\t            \t\t\t            <\/div>\n\t\t        <\/div>\n\t\t    <\/div>\t\t\n\t\t\t\t\n\t\t\t<div class=\"item margin-bot-60 col-md-4\">\n\t\t        <div class=\"box-with-icon-left\">\n\t\t            <i class=\"fa fa- icon-big\"><\/i>\n\t\t            <div class=\"text\">\n\t\t                <h2>Voix Ferroviaire<\/h2>\n\t\t                <p>[vc_row css=&#8221;.vc_custom_1465206738673{padding-bottom: 0px !important;}&#8221;][vc_column width=&#8221;1\/2&#8243;][vc_column_text css=&#8221;.vc_custom_1465206491621{margin-bottom: 0px !important;}&#8221;]Aenean sollicitudin, lorem quis bibendum auctor, nisi elit consequat ipsum, nec sagittis sem nibh id elit. Duis sed odio sit amet nibh vulputate cursus a sit amet mauris. Morbi accumsan ipsum velit. Nam nec tellus a odio tincidunt auctor a ornare odio. Sed non mauris vitae erat consequat [&hellip;]<\/p>\n\t\t                \t\t\t                <div class=\"divider-single\"><\/div>\n\t\t\t                <a href=\"https:\/\/mabucoo.com\/index.php\/services\/services-details-2\/\" class=\"btn-text\">View Details<\/a>\n\t\t            \t\t\t            <\/div>\n\t\t        <\/div>\n\t\t    <\/div>\t\t\n\t\t\t\t\t\t\n\t<\/div>\n[\/vc_column][\/vc_row][vc_row][vc_column]\n\t<div class=\"text-center\">\n        <h2 class=\"heading wow fadeInUp\" data-wow-delay=\"0\">Latest News <strong>Stay Update With Us<\/strong><\/h2>\n        <div class=\"small-border wow flipInY\" data-wow-delay=\".2s\" data-wow-duration=\".8s\"><\/div>\n    <\/div>\t\n\t\n[\/vc_column][vc_column][\/vc_column][\/vc_row][vc_row fullwidth=&#8221;yes&#8221; css=&#8221;.vc_custom_1456218032674{padding-top: 0px !important;padding-bottom: 0px !important;}&#8221;][vc_column]\n\t<div class=\"call-to-action text-light  \">\n        <div class=\"container\">\n            <div class=\"row\">\n                <div class=\"col-md-9\">\n                \t\t                \t<h2>Contactez-nous pour tous vos besoins d'expedition mondiale<\/h2>\n\t                \t\t                \t                                    \n                <\/div>\n\n                <div class=\"col-md-3\">\n                    <a class=\"btn-border-light\" href=\"#\" title=\"Contactez-nous\" target=\"_self\">Contactez-nous<\/a>                <\/div>\n            <\/div>\n        <\/div>\n    <\/div>\n\t\n[\/vc_column][\/vc_row]<\/p>\n<\/section>","protected":false},"excerpt":{"rendered":"<p>[vc_row fullwidth=&#8221;yes&#8221; css=&#8221;.vc_custom_1693314015292{padding-top: 0px !important;padding-bottom: 0px !important;background: #ededed url(http:\/\/mabucoo.com\/wp-content\/uploads\/2023\/08\/background-image-1_1-1.png?id=1094) !important;}&#8221;][vc_column][\/vc_column][\/vc_row][vc_row fullwidth=&#8221;yes&#8221; css=&#8221;.vc_custom_1693237227820{padding-top: 60px !important;padding-bottom: 60px !important;background-color: #f00d0d !important;}&#8221;][vc_column][vc_single_image image=&#8221;1127&#8243; img_size=&#8221;1900&#215;400&#8243;][\/vc_column][\/vc_row][vc_row][vc_column width=&#8221;1\/2&#8243;][\/vc_column][vc_column width=&#8221;1\/2&#8243;][\/vc_column][\/vc_row][vc_row][vc_column width=&#8221;1\/2&#8243;][\/vc_column][vc_column width=&#8221;1\/2&#8243;][\/vc_column][\/vc_row][vc_row img_halfrow=&#8221;yes&#8221; halfrow_image=&#8221;657&#8243; img_columns=&#8221;6columns&#8221; img_position=&#8221;imgright&#8221; css=&#8221;.vc_custom_1693240030170{background-color: #d03232 !important;}&#8221;][vc_column offset=&#8221;vc_col-md-5&#8243;][\/vc_column][\/vc_row][vc_row][vc_column width=&#8221;1\/3&#8243; animate=&#8221;fadinright&#8221; delay=&#8221;.2&#8243; duration=&#8221;.5&#8243; offset=&#8221;vc_col-md-2 vc_col-xs-4&#8243;][vc_single_image image=&#8221;121&#8243; img_size=&#8221;full&#8221; css=&#8221;.vc_custom_1452681397260{margin-bottom: 0px !important;}&#8221;][\/vc_column][vc_column width=&#8221;1\/3&#8243; animate=&#8221;fadinright&#8221; delay=&#8221;.5&#8243; duration=&#8221;.5&#8243; offset=&#8221;vc_col-md-2 vc_col-xs-4&#8243;][vc_single_image image=&#8221;122&#8243; img_size=&#8221;full&#8221; css=&#8221;.vc_custom_1452681402353{margin-bottom: 0px !important;}&#8221;][\/vc_column][vc_column width=&#8221;1\/3&#8243; [&hellip;]<\/p>\n","protected":false},"author":1,"featured_media":0,"parent":0,"menu_order":0,"comment_status":"closed","ping_status":"closed","template":"page-templates\/template-canvas.php","meta":{"om_disable_all_campaigns":false,"_monsterinsights_skip_tracking":false,"_monsterinsights_sitenote_active":false,"_monsterinsights_sitenote_note":"","_monsterinsights_sitenote_category":0,"footnotes":""},"aioseo_notices":[],"_links":{"self":[{"href":"https:\/\/mabucoo.com\/index.php\/wp-json\/wp\/v2\/pages\/301"}],"collection":[{"href":"https:\/\/mabucoo.com\/index.php\/wp-json\/wp\/v2\/pages"}],"about":[{"href":"https:\/\/mabucoo.com\/index.php\/wp-json\/wp\/v2\/types\/page"}],"author":[{"embeddable":true,"href":"https:\/\/mabucoo.com\/index.php\/wp-json\/wp\/v2\/users\/1"}],"replies":[{"embeddable":true,"href":"https:\/\/mabucoo.com\/index.php\/wp-json\/wp\/v2\/comments?post=301"}],"version-history":[{"count":65,"href":"https:\/\/mabucoo.com\/index.php\/wp-json\/wp\/v2\/pages\/301\/revisions"}],"predecessor-version":[{"id":1144,"href":"https:\/\/mabucoo.com\/index.php\/wp-json\/wp\/v2\/pages\/301\/revisions\/1144"}],"wp:attachment":[{"href":"https:\/\/mabucoo.com\/index.php\/wp-json\/wp\/v2\/media?parent=301"}],"curies":[{"name":"wp","href":"https:\/\/api.w.org\/{rel}","templated":true}]}}